{"id":773,"date":"2017-12-04T22:00:47","date_gmt":"2017-12-04T21:00:47","guid":{"rendered":"http:\/\/reikicorner.at\/werkstatt\/?page_id=773"},"modified":"2017-12-04T22:00:47","modified_gmt":"2017-12-04T21:00:47","slug":"werbung-auf-unserer-webseite","status":"publish","type":"page","link":"http:\/\/reikicorner.at\/werkstatt\/werbung-auf-unserer-webseite\/","title":{"rendered":"Werbung auf unserer Webseite"},"content":{"rendered":"<p style=\"text-align: justify;\"><span style=\"font-size: 14pt;\">Alles im Leben kostet Geld.<\/span><\/p>\n<p><span style=\"font-size: 14pt;\">Fr\u00fcher, als wir den Reikicorner als Praxis f\u00fcr energetische Heilweisen f\u00fchrten, diente die Homepage als Information und Werbung. Sie wurde als Betriebsausgabe geltend gemacht.<\/span><\/p>\n<p><span style=\"font-size: 14pt;\">Nun dient die Seite als reine Information f\u00fcr Interessierte, kostet jedoch deshalb nicht weniger Geld.<\/span><\/p>\n<p><span style=\"font-size: 14pt;\">Um die Kosten ein wenig zu senken, gibt es ein bisschen Werbung mit Partnern, mit denen wir gut und zufrieden zusammenarbeiten.<\/span><\/p>\n<p><span style=\"font-size: 14pt;\">Wir denken, dass die F\u00fclle an Informationen ein wenig Werbung gerechtfertigt<\/span><\/p>\n<p style=\"text-align: justify;\"><span style=\"font-size: 14pt;\">Danke f\u00fcr Euer Verst\u00e4ndnis.<\/span><\/p>\n","protected":false},"excerpt":{"rendered":"<p>Alles im Leben kostet Geld. Fr\u00fcher, als wir den Reikicorner als Praxis f\u00fcr energetische Heilweisen f\u00fchrten, diente die Homepage als Information und Werbung. Sie wurde als Betriebsausgabe geltend gemacht. Nun dient die Seite als reine Information f\u00fcr Interessierte, kostet jedoch deshalb nicht weniger Geld. Um die Kosten ein wenig zu senken, gibt es ein bisschen [&hellip;]<\/p>\n","protected":false},"author":1,"featured_media":0,"parent":0,"menu_order":0,"comment_status":"closed","ping_status":"closed","template":"","meta":{"spay_email":""},"jetpack_sharing_enabled":true,"jetpack_shortlink":"https:\/\/wp.me\/P9lJSi-ct","jetpack_likes_enabled":true,"_links":{"self":[{"href":"http:\/\/reikicorner.at\/werkstatt\/wp-json\/wp\/v2\/pages\/773"}],"collection":[{"href":"http:\/\/reikicorner.at\/werkstatt\/wp-json\/wp\/v2\/pages"}],"about":[{"href":"http:\/\/reikicorner.at\/werkstatt\/wp-json\/wp\/v2\/types\/page"}],"author":[{"embeddable":true,"href":"http:\/\/reikicorner.at\/werkstatt\/wp-json\/wp\/v2\/users\/1"}],"replies":[{"embeddable":true,"href":"http:\/\/reikicorner.at\/werkstatt\/wp-json\/wp\/v2\/comments?post=773"}],"version-history":[{"count":1,"href":"http:\/\/reikicorner.at\/werkstatt\/wp-json\/wp\/v2\/pages\/773\/revisions"}],"predecessor-version":[{"id":774,"href":"http:\/\/reikicorner.at\/werkstatt\/wp-json\/wp\/v2\/pages\/773\/revisions\/774"}],"wp:attachment":[{"href":"http:\/\/reikicorner.at\/werkstatt\/wp-json\/wp\/v2\/media?parent=773"}],"curies":[{"name":"wp","href":"https:\/\/api.w.org\/{rel}","templated":true}]}}